{"id":96,"date":"2024-03-14T14:39:12","date_gmt":"2024-03-14T14:39:12","guid":{"rendered":"https:\/\/www.seolocal.click\/demo-virgendelosreyes\/?page_id=96"},"modified":"2024-04-14T17:37:28","modified_gmt":"2024-04-14T17:37:28","slug":"historia-de-la-agrupacion-musical-virgen-de-los-reyes","status":"publish","type":"page","link":"https:\/\/www.seolocal.click\/demo-virgendelosreyes\/historia-de-la-agrupacion-musical-virgen-de-los-reyes\/","title":{"rendered":"Historia de la Agrupaci\u00f3n Musical Virgen de los Reyes"},"content":{"rendered":"<p>[et_pb_section fb_built=\u00bb1&#8243; fullwidth=\u00bbon\u00bb _builder_version=\u00bb4.24.2&#8243; _module_preset=\u00bbdefault\u00bb global_colors_info=\u00bb{}\u00bb][et_pb_fullwidth_image src=\u00bbhttps:\/\/www.seolocal.click\/demo-virgendelosreyes\/wp-content\/uploads\/2024\/03\/slider.jpg\u00bb title_text=\u00bbslider\u00bb _builder_version=\u00bb4.24.2&#8243; _module_preset=\u00bbdefault\u00bb global_colors_info=\u00bb{}\u00bb][\/et_pb_fullwidth_image][\/et_pb_section][et_pb_section fb_built=\u00bb1&#8243; _builder_version=\u00bb4.24.2&#8243; _module_preset=\u00bbdefault\u00bb custom_padding=\u00bb44px||59px|||\u00bb global_colors_info=\u00bb{}\u00bb][et_pb_row _builder_version=\u00bb4.16&#8243; custom_padding=\u00bb||0px|||\u00bb locked=\u00bboff\u00bb global_colors_info=\u00bb{}\u00bb][et_pb_column type=\u00bb4_4&#8243; _builder_version=\u00bb4.16&#8243; global_colors_info=\u00bb{}\u00bb][et_pb_text _builder_version=\u00bb4.24.2&#8243; header_font=\u00bb||||||||\u00bb header_2_font=\u00bbPrompt|200|||||||\u00bb header_2_text_align=\u00bbcenter\u00bb header_2_text_color=\u00bb#000000&#8243; header_2_font_size=\u00bb60px\u00bb header_2_line_height=\u00bb1.2em\u00bb z_index=\u00bb1&#8243; text_orientation=\u00bbcenter\u00bb max_width=\u00bb800px\u00bb module_alignment=\u00bbcenter\u00bb header_2_font_size_tablet=\u00bb40px\u00bb header_2_font_size_phone=\u00bb25px\u00bb header_2_font_size_last_edited=\u00bbon|phone\u00bb text_orientation_tablet=\u00bbleft\u00bb text_orientation_phone=\u00bb\u00bb text_orientation_last_edited=\u00bbon|desktop\u00bb locked=\u00bboff\u00bb global_colors_info=\u00bb{}\u00bb]<\/p>\n<h2><strong>Nuestra historia<br \/><\/strong><span style=\"color: #89762e;\">Virgen de los Reyes<\/span><\/h2>\n<p>[\/et_pb_text][\/et_pb_column][\/et_pb_row][et_pb_row _builder_version=\u00bb4.24.3&#8243; _module_preset=\u00bbdefault\u00bb custom_padding=\u00bb||13px|||\u00bb][et_pb_column _builder_version=\u00bb4.24.3&#8243; _module_preset=\u00bbdefault\u00bb type=\u00bb4_4&#8243;][et_pb_text _builder_version=\u00bb4.24.3&#8243; text_font=\u00bb||||||||\u00bb text_font_size=\u00bb16px\u00bb text_line_height=\u00bb1.8em\u00bb hover_enabled=\u00bb0&#8243; text_font_size_tablet=\u00bb\u00bb text_font_size_phone=\u00bb14px\u00bb text_font_size_last_edited=\u00bbon|desktop\u00bb global_colors_info=\u00bb{}\u00bb sticky_enabled=\u00bb0&#8243;]<\/p>\n<p>Nacida al amparo de la Hermandad de Jes\u00fas Despojado el 30 de mayo del a\u00f1o 1.980, donde un grupo de ni\u00f1os comenz\u00f3 a formarse musicalmente con el sue\u00f1o de poner sus sones a su amado titular, el cual se ver\u00eda cumplido apenas unos meses despu\u00e9s, el Domingo de Ramos de 1.981.<\/p>\n<p>[\/et_pb_text][\/et_pb_column][\/et_pb_row][et_pb_row _builder_version=\u00bb4.24.3&#8243; _module_preset=\u00bbdefault\u00bb column_structure=\u00bb3_4,1_4&#8243; custom_padding=\u00bb3px||15px|||\u00bb][et_pb_column _builder_version=\u00bb4.24.3&#8243; _module_preset=\u00bbdefault\u00bb type=\u00bb3_4&#8243;][et_pb_text _builder_version=\u00bb4.24.3&#8243; text_font=\u00bb||||||||\u00bb text_font_size=\u00bb16px\u00bb text_line_height=\u00bb1.8em\u00bb hover_enabled=\u00bb0&#8243; text_font_size_tablet=\u00bb\u00bb text_font_size_phone=\u00bb14px\u00bb text_font_size_last_edited=\u00bbon|desktop\u00bb global_colors_info=\u00bb{}\u00bb sticky_enabled=\u00bb0&#8243; custom_margin=\u00bb||-1px|||\u00bb]<\/p>\n<p>Aquella primavera trajo tambi\u00e9n consigo un cambio en la direcci\u00f3n, haci\u00e9ndose cargo de la misma Juan Antonio Ram\u00edrez T\u00e9llez, eterno director de la Agrupaci\u00f3n, y un padre para muchos de aquellos ni\u00f1os.<\/p>\n<p>El sue\u00f1o inicial comenz\u00f3 a desbordarse cuando las hermandades de la Sed y \u00a0la Resurrecci\u00f3n, en 1.983, deciden\u00a0 contar tambi\u00e9n con la Agrupaci\u00f3n, siendo esta la primera banda que acompa\u00f1a a ambos pasos en la carrera oficial.<\/p>\n<p><span>Poco a poco, la participaci\u00f3n de la Agrupaci\u00f3n en los actos de la ciudad se va incrementando, encontrando su sitio dentro del mundo de las formaciones musicales, y comenzando a ganar en cari\u00f1o y reconocimiento, llegando en el a\u00f1o 1.985 a acompa\u00f1ar en Sevilla las hermandades de Jes\u00fas Despojado, San Esteban, la Exaltaci\u00f3n, los Gitanos, el Cachorro y la Resurrecci\u00f3n.<\/span><\/p>\n<p>[\/et_pb_text][\/et_pb_column][et_pb_column _builder_version=\u00bb4.24.3&#8243; _module_preset=\u00bbdefault\u00bb type=\u00bb1_4&#8243;][et_pb_image src=\u00bbhttps:\/\/www.seolocal.click\/demo-virgendelosreyes\/wp-content\/uploads\/2024\/04\/virgen-de-los-reyes-historica-244&#215;300-1.jpg\u00bb _builder_version=\u00bb4.24.3&#8243; _module_preset=\u00bbdefault\u00bb title_text=\u00bbvirgen-de-los-reyes-historica-244&#215;300&#8243; hover_enabled=\u00bb0&#8243; sticky_enabled=\u00bb0&#8243; align=\u00bbcenter\u00bb][\/et_pb_image][\/et_pb_column][\/et_pb_row][et_pb_row _builder_version=\u00bb4.24.3&#8243; _module_preset=\u00bbdefault\u00bb custom_padding=\u00bb2px||13px|||\u00bb column_structure=\u00bb2_5,3_5&#8243; hover_enabled=\u00bb0&#8243; sticky_enabled=\u00bb0&#8243;][et_pb_column _builder_version=\u00bb4.24.3&#8243; _module_preset=\u00bbdefault\u00bb type=\u00bb2_5&#8243;][et_pb_image src=\u00bbhttps:\/\/www.seolocal.click\/demo-virgendelosreyes\/wp-content\/uploads\/2024\/04\/virgen-de-los-reyes-instrumentos-de-viento.jpg\u00bb _builder_version=\u00bb4.24.3&#8243; _module_preset=\u00bbdefault\u00bb title_text=\u00bbvirgen-de-los-reyes-instrumentos-de-viento\u00bb hover_enabled=\u00bb0&#8243; sticky_enabled=\u00bb0&#8243; align=\u00bbcenter\u00bb][\/et_pb_image][\/et_pb_column][et_pb_column _builder_version=\u00bb4.24.3&#8243; _module_preset=\u00bbdefault\u00bb type=\u00bb3_5&#8243;][et_pb_text _builder_version=\u00bb4.24.3&#8243; text_font=\u00bb||||||||\u00bb text_font_size=\u00bb16px\u00bb text_line_height=\u00bb1.8em\u00bb hover_enabled=\u00bb0&#8243; text_font_size_tablet=\u00bb\u00bb text_font_size_phone=\u00bb14px\u00bb text_font_size_last_edited=\u00bbon|desktop\u00bb global_colors_info=\u00bb{}\u00bb sticky_enabled=\u00bb0&#8243; custom_margin=\u00bb-4px|||||\u00bb]<\/p>\n<p><span>En febrero de 1.988, con motivo del 50 Aniversario Fundacional de la Hermandad que dio vida a la formaci\u00f3n, en la conocida Plaza de San Rom\u00e1n, la Agrupaci\u00f3n estrena la marcha que cambi\u00f3 para siempre su historia. \u201cLa Saeta\u201d del cantautor catal\u00e1n Joan Manuel Serrat, arreglada por Antonio Amodeo y Antonio Velasco, bajo la supervisi\u00f3n de Juan Ram\u00edrez, la cual se convirti\u00f3 en el himno de nuestros sones, alcanzando su punto \u00e1lgido en la sincron\u00eda alcanzada con la cuadrilla de costaleros del Se\u00f1or de la Salud. Al discurrir de la Hermandad de los Gitanos por la plaza de la Campana, se le denomin\u00f3 como \u201cla eterna chicot\u00e1\u201d, la cual vivir\u00e1 eternamente en el recuerdo de los cofrades.<\/span><\/p>\n<p>[\/et_pb_text][\/et_pb_column][\/et_pb_row][et_pb_row _builder_version=\u00bb4.24.3&#8243; _module_preset=\u00bbdefault\u00bb custom_padding=\u00bb2px||13px|||\u00bb][et_pb_column _builder_version=\u00bb4.24.3&#8243; _module_preset=\u00bbdefault\u00bb type=\u00bb4_4&#8243;][et_pb_text _builder_version=\u00bb4.24.3&#8243; text_font=\u00bb||||||||\u00bb text_font_size=\u00bb16px\u00bb text_line_height=\u00bb1.8em\u00bb hover_enabled=\u00bb0&#8243; text_font_size_tablet=\u00bb\u00bb text_font_size_phone=\u00bb14px\u00bb text_font_size_last_edited=\u00bbon|desktop\u00bb global_colors_info=\u00bb{}\u00bb sticky_enabled=\u00bb0&#8243; custom_margin=\u00bb-4px|||||\u00bb]<\/p>\n<p><span>a en 1.992, la Agrupaci\u00f3n toma la dif\u00edcil de decisi\u00f3n de marcar su propio camino, fuera de los auspicios de una sola Hermandad, tomando el nombre de la patrona de la ciudad. \u201cAgrupaci\u00f3n Musical Nuestra Se\u00f1ora de los Reyes\u201d, t\u00edtulo que englobaba el sentir de los miembros de la formaci\u00f3n en su amor por la ciudad de Sevilla.<\/span><\/p>\n<p><span>Una d\u00e9cada despu\u00e9s de aquella decisi\u00f3n, en 2.002, la Hermandad de San Esteban concede el t\u00edtulo a la Agrupaci\u00f3n de Hermano Honor\u00edfico. Un a\u00f1o despu\u00e9s, se acompa\u00f1a por primera vez al Cautivo de Torreblanca.<\/span><\/p>\n<p>En estos a\u00f1os, la Agrupaci\u00f3n comienza a incluir un repertorio navide\u00f1o para los m\u00e1s peque\u00f1os, consolid\u00e1ndose a\u00f1os despu\u00e9s, como la banda sonora de la ciudad en estas fiestas, acompa\u00f1ando cada 4 de enero al Heraldo Real.<\/p>\n<p>En la Semana Santa del a\u00f1o 2.005, la Agrupaci\u00f3n vuelve a la que nunca dej\u00f3 de ser su casa, la Hermandad de Jes\u00fas Despojado, recuperando para la ocasi\u00f3n el primer bander\u00edn de la formaci\u00f3n, el cual desde entonces procesiona junto al actual cada Domingo de Ramos.<\/p>\n<p><span>Posteriormente, la Hermandad de la Resurrecci\u00f3n, tal como hiciera San Esteban unos a\u00f1os antes, concede a la formaci\u00f3n el t\u00edtulo de Hermano Honorario. Es especialmente emotivo en esta ocasi\u00f3n, al ser la Hermandad que durante m\u00e1s tiempo ha confiado en nuestros sones, y haci\u00e9ndonos sentir en casa cada vez que pisamos Santa Marina. Al a\u00f1o siguiente har\u00eda lo propio la Hermandad de los Dolores de Torreblanca, dejando constancia de los fuertes lazos de uni\u00f3n producidos entre la Agrupaci\u00f3n y sus hermandades.<\/span><\/p>\n<p>[\/et_pb_text][\/et_pb_column][\/et_pb_row][et_pb_row _builder_version=\u00bb4.24.3&#8243; _module_preset=\u00bbdefault\u00bb custom_padding=\u00bb2px||13px|||\u00bb column_structure=\u00bb3_5,2_5&#8243; hover_enabled=\u00bb0&#8243; sticky_enabled=\u00bb0&#8243;][et_pb_column _builder_version=\u00bb4.24.3&#8243; _module_preset=\u00bbdefault\u00bb type=\u00bb3_5&#8243;][et_pb_text _builder_version=\u00bb4.24.3&#8243; text_font=\u00bb||||||||\u00bb text_font_size=\u00bb16px\u00bb text_line_height=\u00bb1.8em\u00bb hover_enabled=\u00bb0&#8243; text_font_size_tablet=\u00bb\u00bb text_font_size_phone=\u00bb14px\u00bb text_font_size_last_edited=\u00bbon|desktop\u00bb global_colors_info=\u00bb{}\u00bb sticky_enabled=\u00bb0&#8243; custom_margin=\u00bb-4px|||||\u00bb]<\/p>\n<p>En 2.010, con motivo del XXX Aniversario de nuestra fundaci\u00f3n, el Domingo de Ramos acompa\u00f1an a Jes\u00fas Despojado hasta la S.I.C. aquellos ni\u00f1os que treinta a\u00f1os antes hab\u00edan comenzado un sue\u00f1o, esta vez ya convertidos en adultos que, durante unas horas, se olvidaron de crecer.<\/p>\n<p>Tres a\u00f1os despu\u00e9s se acompa\u00f1ar\u00eda por primera vez a la Hermandad del Carmen Doloroso, regresando el estilo de Agrupaci\u00f3n Musical al Mi\u00e9rcoles Santo veinte a\u00f1os despu\u00e9s. Adem\u00e1s, aquella Semana Santa ser\u00eda especial al ceder la Guardia Civil el bander\u00edn de la antigua Banda de Erita\u00f1a, siendo portado por un miembro de dicho cuerpo.<\/p>\n<p>[\/et_pb_text][\/et_pb_column][et_pb_column _builder_version=\u00bb4.24.3&#8243; _module_preset=\u00bbdefault\u00bb type=\u00bb2_5&#8243;][et_pb_image src=\u00bbhttps:\/\/www.seolocal.click\/demo-virgendelosreyes\/wp-content\/uploads\/2024\/04\/virgen-de-los-reyes-agrupacion-musical.jpg\u00bb _builder_version=\u00bb4.24.3&#8243; _module_preset=\u00bbdefault\u00bb title_text=\u00bbvirgen-de-los-reyes-agrupacion-musical\u00bb hover_enabled=\u00bb0&#8243; sticky_enabled=\u00bb0&#8243; align=\u00bbcenter\u00bb][\/et_pb_image][\/et_pb_column][\/et_pb_row][et_pb_row _builder_version=\u00bb4.24.3&#8243; _module_preset=\u00bbdefault\u00bb custom_padding=\u00bb2px||13px|||\u00bb][et_pb_column _builder_version=\u00bb4.24.3&#8243; _module_preset=\u00bbdefault\u00bb type=\u00bb4_4&#8243;][et_pb_text _builder_version=\u00bb4.24.3&#8243; text_font=\u00bb||||||||\u00bb text_font_size=\u00bb16px\u00bb text_line_height=\u00bb1.8em\u00bb hover_enabled=\u00bb0&#8243; text_font_size_tablet=\u00bb\u00bb text_font_size_phone=\u00bb14px\u00bb text_font_size_last_edited=\u00bbon|desktop\u00bb global_colors_info=\u00bb{}\u00bb sticky_enabled=\u00bb0&#8243; custom_margin=\u00bb-4px|||||\u00bb]<\/p>\n<p>En octubre de 2.013 y Cuaresma de 2.014, respectivamente, se imponen a la Agrupaci\u00f3n la medalla de la Virgen del Pilar, y la medalla de Plata de la Hermandad de Jes\u00fas Despojado, dos condecoraciones que lucen con orgullo en nuestro bander\u00edn.<\/p>\n<p>En el a\u00f1o 2.020, con motivo del XL aniversario fundacional, la Agrupaci\u00f3n realiza el espect\u00e1culo \u201cSonando a Sevilla desde 1.980\u201d, un viaje temporal por nuestra historia, al cual acuden m\u00e1s de dos mil personas, refrendando el cari\u00f1o que reciben nuestros m\u00fasicos tanto en la ciudad que nos vio nacer, como en toda la geograf\u00eda espa\u00f1ola. Adem\u00e1s, Juan Ram\u00edrez decide tomar un merecido descanso tras casi cuarenta a\u00f1os de servicio diario, y es sustituido por Antonio Velasco, siempre unido a la formaci\u00f3n y art\u00edfice de muchas de sus marchas m\u00e1s conocidas.<\/p>\n<p>[\/et_pb_text][\/et_pb_column][\/et_pb_row][et_pb_row _builder_version=\u00bb4.24.3&#8243; _module_preset=\u00bbdefault\u00bb custom_padding=\u00bb2px||13px|||\u00bb column_structure=\u00bb2_5,3_5&#8243; hover_enabled=\u00bb0&#8243; sticky_enabled=\u00bb0&#8243;][et_pb_column _builder_version=\u00bb4.24.3&#8243; _module_preset=\u00bbdefault\u00bb type=\u00bb2_5&#8243;][et_pb_image src=\u00bbhttps:\/\/www.seolocal.click\/demo-virgendelosreyes\/wp-content\/uploads\/2024\/04\/virgen-de-los-reyes-por-la-magdalena.jpg\u00bb _builder_version=\u00bb4.24.3&#8243; _module_preset=\u00bbdefault\u00bb title_text=\u00bbvirgen-de-los-reyes-por-la-magdalena\u00bb hover_enabled=\u00bb0&#8243; sticky_enabled=\u00bb0&#8243; align=\u00bbcenter\u00bb][\/et_pb_image][\/et_pb_column][et_pb_column _builder_version=\u00bb4.24.3&#8243; _module_preset=\u00bbdefault\u00bb type=\u00bb3_5&#8243;][et_pb_text _builder_version=\u00bb4.24.3&#8243; text_font=\u00bb||||||||\u00bb text_font_size=\u00bb16px\u00bb text_line_height=\u00bb1.8em\u00bb hover_enabled=\u00bb0&#8243; text_font_size_tablet=\u00bb\u00bb text_font_size_phone=\u00bb14px\u00bb text_font_size_last_edited=\u00bbon|desktop\u00bb global_colors_info=\u00bb{}\u00bb sticky_enabled=\u00bb0&#8243; custom_margin=\u00bb-4px|||||\u00bb]<\/p>\n<p><span>Dos nuevos hitos se producen pasada la pandemia, el regreso a nuestra Hermandad de San Esteban, y la confianza de la Hermandad de las 7 Palabras para que un quinteto de metales formado por integrantes de la formaci\u00f3n acompa\u00f1e al Nazareno de la Divina Misericordia, un estilo in\u00e9dito en la Semana Santa de Sevilla.<\/span><\/p>\n<p><span>Adem\u00e1s, con la celebraci\u00f3n del Santo Entierro Grande celebrado en el a\u00f1o 2023, la agrupaci\u00f3n tiene la fortuna de acompa\u00f1ar a la Hermandad de San Gonzalo el S\u00e1bado Santo, y pocos meses despu\u00e9s, llega el contrato del Divino Perd\u00f3n del Parque Alcosa, volviendo as\u00ed el S\u00e1bado de Pasi\u00f3n a la ciudad de Sevilla.<\/span><\/p>\n<p>[\/et_pb_text][\/et_pb_column][\/et_pb_row][et_pb_row _builder_version=\u00bb4.24.3&#8243; _module_preset=\u00bbdefault\u00bb custom_padding=\u00bb2px||13px|||\u00bb][et_pb_column _builder_version=\u00bb4.24.3&#8243; _module_preset=\u00bbdefault\u00bb type=\u00bb4_4&#8243;][et_pb_text _builder_version=\u00bb4.24.3&#8243; text_font=\u00bb||||||||\u00bb text_font_size=\u00bb16px\u00bb text_line_height=\u00bb1.8em\u00bb hover_enabled=\u00bb0&#8243; text_font_size_tablet=\u00bb\u00bb text_font_size_phone=\u00bb14px\u00bb text_font_size_last_edited=\u00bbon|desktop\u00bb global_colors_info=\u00bb{}\u00bb sticky_enabled=\u00bb0&#8243; custom_margin=\u00bb-4px|||||\u00bb]<\/p>\n<p>La Agrupaci\u00f3n Musical tiene editados hasta el momento 12 discos de marchas procesionales, y un disco digital publicado durante la pandemia. Asimismo, cuenta en su haber con otras 3 grabaciones m\u00e1s, dos de ellas recogen los villancicos m\u00e1s populares de nuestra tierra y la tercera hace un repaso por los temas infantiles m\u00e1s conocidos. Son en total 16 trabajos los que ha publicado a lo largo de sus m\u00e1s de 40 a\u00f1os.<\/p>\n<p>M\u00e1s de cuatro d\u00e9cadas de m\u00fasica, pero la ilusi\u00f3n de aquellos ni\u00f1os que un d\u00eda tocaron sus primeros instrumentos y se atrevieron a so\u00f1ar con una manera distinta de entender la m\u00fasica cofrade<\/p>\n<p>[\/et_pb_text][\/et_pb_column][\/et_pb_row][\/et_pb_section][et_pb_section fb_built=\u00bb1&#8243; _builder_version=\u00bb4.24.2&#8243; _module_preset=\u00bbdefault\u00bb background_color=\u00bb#eaebe6&#8243; custom_padding=\u00bb11px||17px|||\u00bb global_colors_info=\u00bb{}\u00bb locked=\u00bboff\u00bb][et_pb_row _builder_version=\u00bb4.24.2&#8243; _module_preset=\u00bbdefault\u00bb custom_margin=\u00bb11px|auto||auto||\u00bb custom_padding=\u00bb12px|||||\u00bb global_colors_info=\u00bb{}\u00bb][et_pb_column type=\u00bb4_4&#8243; _builder_version=\u00bb4.24.2&#8243; _module_preset=\u00bbdefault\u00bb global_colors_info=\u00bb{}\u00bb][et_pb_text _builder_version=\u00bb4.24.2&#8243; header_font=\u00bb||||||||\u00bb header_2_font=\u00bbPrompt|200|||||||\u00bb header_2_text_color=\u00bb#000000&#8243; header_2_font_size=\u00bb55px\u00bb header_2_line_height=\u00bb1.2em\u00bb z_index=\u00bb1&#8243; text_orientation=\u00bbcenter\u00bb max_width=\u00bb800px\u00bb module_alignment=\u00bbcenter\u00bb custom_margin=\u00bb||-7px|||\u00bb header_2_font_size_tablet=\u00bb40px\u00bb header_2_font_size_phone=\u00bb25px\u00bb header_2_font_size_last_edited=\u00bbon|phone\u00bb text_orientation_tablet=\u00bbleft\u00bb text_orientation_phone=\u00bbcenter\u00bb text_orientation_last_edited=\u00bbon|desktop\u00bb locked=\u00bboff\u00bb global_colors_info=\u00bb{}\u00bb]<\/p>\n<h2><strong>Virgen de los Reyes<br \/><\/strong><span style=\"color: #89762e;\">discos m\u00e1s escuchados<\/span><\/h2>\n<p>[\/et_pb_text][\/et_pb_column][\/et_pb_row][et_pb_row column_structure=\u00bb1_4,1_4,1_4,1_4&#8243; _builder_version=\u00bb4.24.2&#8243; _module_preset=\u00bbdefault\u00bb custom_margin=\u00bb|auto|-7px|auto||\u00bb custom_padding=\u00bb0px||34px|||\u00bb global_colors_info=\u00bb{}\u00bb][et_pb_column type=\u00bb1_4&#8243; _builder_version=\u00bb4.24.2&#8243; _module_preset=\u00bbdefault\u00bb global_colors_info=\u00bb{}\u00bb][\/et_pb_column][et_pb_column type=\u00bb1_4&#8243; _builder_version=\u00bb4.24.2&#8243; _module_preset=\u00bbdefault\u00bb global_colors_info=\u00bb{}\u00bb][et_pb_image src=\u00bbhttps:\/\/www.seolocal.click\/demo-virgendelosreyes\/wp-content\/uploads\/2024\/03\/yo.jpg\u00bb title_text=\u00bbyo\u00bb _builder_version=\u00bb4.24.2&#8243; _module_preset=\u00bbdefault\u00bb custom_margin=\u00bb6px||35px|||\u00bb global_colors_info=\u00bb{}\u00bb][\/et_pb_image][et_pb_button button_text=\u00bbESCUCHAR DISCO\u00bb button_alignment=\u00bbcenter\u00bb _builder_version=\u00bb4.24.2&#8243; _module_preset=\u00bb0fb45a7d-b3e8-4050-ab0c-a01515d479f8&#8243; button_text_size=\u00bb15px\u00bb button_text_color=\u00bb#89762e\u00bb button_border_width=\u00bb1px\u00bb button_border_color=\u00bb#89762e\u00bb button_icon=\u00bb&#xe08e;||divi||400&#8243; background_layout=\u00bbdark\u00bb custom_margin=\u00bb-8px||||false|false\u00bb custom_padding=\u00bb6px|24px|6px|24px|true|true\u00bb locked=\u00bboff\u00bb global_colors_info=\u00bb{}\u00bb][\/et_pb_button][\/et_pb_column][et_pb_column type=\u00bb1_4&#8243; _builder_version=\u00bb4.24.2&#8243; _module_preset=\u00bbdefault\u00bb global_colors_info=\u00bb{}\u00bb][\/et_pb_column][et_pb_column type=\u00bb1_4&#8243; _builder_version=\u00bb4.24.2&#8243; _module_preset=\u00bbdefault\u00bb global_colors_info=\u00bb{}\u00bb][\/et_pb_column][\/et_pb_row][\/et_pb_section]<\/p>\n","protected":false},"excerpt":{"rendered":"<p>Nuestra historiaVirgen de los ReyesNacida al amparo de la Hermandad de Jes\u00fas Despojado el 30 de mayo del a\u00f1o 1.980, donde un grupo de ni\u00f1os comenz\u00f3 a formarse musicalmente con el sue\u00f1o de poner sus sones a su amado titular, el cual se ver\u00eda cumplido apenas unos meses despu\u00e9s, el Domingo de Ramos de 1.981.Aquella [&hellip;]<\/p>\n","protected":false},"author":1,"featured_media":0,"parent":0,"menu_order":0,"comment_status":"closed","ping_status":"closed","template":"","meta":{"_et_pb_use_builder":"on","_et_pb_old_content":"","_et_gb_content_width":"","footnotes":""},"_links":{"self":[{"href":"https:\/\/www.seolocal.click\/demo-virgendelosreyes\/wp-json\/wp\/v2\/pages\/96"}],"collection":[{"href":"https:\/\/www.seolocal.click\/demo-virgendelosreyes\/wp-json\/wp\/v2\/pages"}],"about":[{"href":"https:\/\/www.seolocal.click\/demo-virgendelosreyes\/wp-json\/wp\/v2\/types\/page"}],"author":[{"embeddable":true,"href":"https:\/\/www.seolocal.click\/demo-virgendelosreyes\/wp-json\/wp\/v2\/users\/1"}],"replies":[{"embeddable":true,"href":"https:\/\/www.seolocal.click\/demo-virgendelosreyes\/wp-json\/wp\/v2\/comments?post=96"}],"version-history":[{"count":13,"href":"https:\/\/www.seolocal.click\/demo-virgendelosreyes\/wp-json\/wp\/v2\/pages\/96\/revisions"}],"predecessor-version":[{"id":358,"href":"https:\/\/www.seolocal.click\/demo-virgendelosreyes\/wp-json\/wp\/v2\/pages\/96\/revisions\/358"}],"wp:attachment":[{"href":"https:\/\/www.seolocal.click\/demo-virgendelosreyes\/wp-json\/wp\/v2\/media?parent=96"}],"curies":[{"name":"wp","href":"https:\/\/api.w.org\/{rel}","templated":true}]}}